{"id":285,"date":"2023-06-11T20:53:23","date_gmt":"2023-06-11T18:53:23","guid":{"rendered":"https:\/\/axelletarroux.com\/?page_id=285"},"modified":"2023-06-29T12:04:35","modified_gmt":"2023-06-29T10:04:35","slug":"atelier-happy-make-up","status":"publish","type":"page","link":"https:\/\/axelletarroux.com\/index.php\/atelier-happy-make-up\/","title":{"rendered":"ATELIER HAPPY MAKE-UP"},"content":{"rendered":"<div class=\"wp-block-image is-style-rounded\">\n<figure class=\"aligncenter size-medium\"><img decoding=\"async\" loading=\"lazy\" width=\"225\" height=\"300\" src=\"https:\/\/axelletarroux.com\/wp-content\/uploads\/2023\/06\/laura-chouette-B-P6k0k7Xrc-unsplash-2-225x300.jpg\" alt=\"cours maquillage Gen\u00e8ve\" class=\"wp-image-302\" srcset=\"https:\/\/axelletarroux.com\/wp-content\/uploads\/2023\/06\/laura-chouette-B-P6k0k7Xrc-unsplash-2-225x300.jpg 225w, https:\/\/axelletarroux.com\/wp-content\/uploads\/2023\/06\/laura-chouette-B-P6k0k7Xrc-unsplash-2-768x1024.jpg 768w, https:\/\/axelletarroux.com\/wp-content\/uploads\/2023\/06\/laura-chouette-B-P6k0k7Xrc-unsplash-2-1152x1536.jpg 1152w, https:\/\/axelletarroux.com\/wp-content\/uploads\/2023\/06\/laura-chouette-B-P6k0k7Xrc-unsplash-2-1536x2048.jpg 1536w, https:\/\/axelletarroux.com\/wp-content\/uploads\/2023\/06\/laura-chouette-B-P6k0k7Xrc-unsplash-2-scaled.jpg 1920w\" sizes=\"(max-width: 225px) 100vw, 225px\" \/><\/figure><\/div>\n\n\n<h2 class=\"wp-block-heading has-text-align-center\">Cours d&rsquo;auto-maquillage<\/h2>\n\n\n\n<p class=\"has-text-align-center\"><em>Faites de votre make-up votre baguette magique bonne mine. <\/em>(Et bio!)<\/p>\n\n\n\n<h3 class=\"wp-block-heading has-text-align-center\">Objectifs<\/h3>\n\n\n\n<p class=\"has-text-align-center\">Savoir r\u00e9aliser un <strong>maquillage<\/strong> au naturel, pour le quotidien ou pour un \u00e9v\u00e9nement.<\/p>\n\n\n\n<p class=\"has-text-align-center\">Mettre en lumi\u00e8re la beaut\u00e9 unique de votre visage, sans contouring ni faux cils.<\/p>\n\n\n\n<p class=\"has-text-align-center\">Conna\u00eetre les <strong>couleurs<\/strong> de maquillage pour votre peau.<\/p>\n\n\n\n<h3 class=\"wp-block-heading has-text-align-center\">D\u00e9roulement<\/h3>\n\n\n\n<p class=\"has-text-align-center\">* Questionnaire de vos habitudes, produits et pinceaux utilis\u00e9s. D\u00e9finition de vos objectifs.<\/p>\n\n\n\n<p class=\"has-text-align-center\">*Analyse de <strong>votre trousse<\/strong> et pinceaux de maquillage.<\/p>\n\n\n\n<p class=\"has-text-align-center\">*Cours d\u2019auto-maquillage: apprendre les gestes concrets en r\u00e9alisant pas-\u00e0-pas le maquillage de votre choix.<\/p>\n\n\n\n<p class=\"has-text-align-center\">BONUS: Maquillage bio et pinceaux \u00e0 disposition en illimit\u00e9 pour l\u2019atelier. + Fiche personnelle pour refaire le maquillage chez soi.<\/p>\n\n\n\n<p class=\"has-text-align-center\"><em><strong>1 heure 30 de coaching<\/strong><\/em> <em><strong>&#8211; <\/strong><\/em>CHF 190 par personne (atelier r\u00e9alisable pour deux)<\/p>\n\n\n\n<h2 class=\"wp-block-heading has-text-align-center has-vivid-cyan-blue-color has-text-color\">R\u00e9servation &amp; infos<\/h2>\n\n\n\n<div class=\"forminator-guttenberg\"><div class=\"forminator-ui forminator-custom-form forminator-custom-form-375 forminator-design--default  forminator_ajax\" data-forminator-render=\"0\" data-form=\"forminator-module-375\" data-uid=\"69dc1030c9360\"><br\/><\/div><form\n\t\t\t\tid=\"forminator-module-375\"\n\t\t\t\tclass=\"forminator-ui forminator-custom-form forminator-custom-form-375 forminator-design--default  forminator_ajax\"\n\t\t\t\tmethod=\"post\"\n\t\t\t\tdata-forminator-render=\"0\"\n\t\t\t\tdata-form-id=\"375\"\n\t\t\t\t\n\t\t\t\tdata-design=\"default\"\n\t\t\t\t\n\t\t\t\t\n\t\t\t\t\n\t\t\t\tdata-grid=\"open\"\n\t\t\t\t\n\t\t\t\t\n\t\t\t\tstyle=\"display: none;\"\n\t\t\t\t\n\t\t\t\tdata-uid=\"69dc1030c9360\"\n\t\t\t><div role=\"alert\" aria-live=\"polite\" class=\"forminator-response-message forminator-error\" aria-hidden=\"true\"><\/div><div class=\"forminator-row\"><div id=\"name-1\" class=\"forminator-col forminator-col-12 \"><div class=\"forminator-field\"><label for=\"forminator-field-name-1_69dc1030c9360\" class=\"forminator-label\" id=\"forminator-field-name-1_69dc1030c9360-label\">Pr\u00e9nom et NOM <span class=\"forminator-required\">*<\/span><\/label><input type=\"text\" name=\"name-1\" value=\"\" placeholder=\"ex: Danielle PONS\" id=\"forminator-field-name-1_69dc1030c9360\" class=\"forminator-input forminator-name--field\" aria-required=\"true\" \/><\/div><\/div><\/div><div class=\"forminator-row\"><div id=\"email-1\" class=\"forminator-col forminator-col-12 \"><div class=\"forminator-field\"><label for=\"forminator-field-email-1_69dc1030c9360\" class=\"forminator-label\" id=\"forminator-field-email-1_69dc1030c9360-label\">E-mail <span class=\"forminator-required\">*<\/span><\/label><input type=\"email\" name=\"email-1\" value=\"\" placeholder=\"votrenom@email.com\" id=\"forminator-field-email-1_69dc1030c9360\" class=\"forminator-input forminator-email--field\" data-required=\"true\" aria-required=\"true\" \/><\/div><\/div><\/div><div class=\"forminator-row\"><div id=\"phone-1\" class=\"forminator-col forminator-col-12 \"><div class=\"forminator-field\"><label for=\"forminator-field-phone-1_69dc1030c9360\" class=\"forminator-label\" id=\"forminator-field-phone-1_69dc1030c9360-label\">T\u00e9l\u00e9phone portable<\/label><input type=\"text\" name=\"phone-1\" value=\"\" placeholder=\"ex: +41 79 000 00 00\" id=\"forminator-field-phone-1_69dc1030c9360\" class=\"forminator-input forminator-field--phone\" data-required=\"\" aria-required=\"false\" autocomplete=\"off\" data-validation=\"1\" \/><\/div><\/div><\/div><div class=\"forminator-row\"><div id=\"textarea-1\" class=\"forminator-col forminator-col-12 \"><div class=\"forminator-field\"><label for=\"forminator-field-textarea-1_69dc1030c9360\" id=\"forminator-field-textarea-1_69dc1030c9360-label\" class=\"forminator-label\">Notes compl\u00e9mentaires<\/label><textarea name=\"textarea-1\" placeholder=\"Je souhaite \u00eatre appel\u00e9e ou contact\u00e9e par email car cet atelier m&#039;int\u00e9resse.\" id=\"forminator-field-textarea-1_69dc1030c9360\" class=\"forminator-textarea\" rows=\"6\" style=\"min-height:140px;\" maxlength=\"180\" ><\/textarea><span id=\"forminator-field-textarea-1_69dc1030c9360-description\" class=\"forminator-description\"><span data-limit=\"180\" data-type=\"characters\">0 \/ 180<\/span><\/span><\/div><\/div><\/div><div class=\"forminator-row\"><div id=\"consent-1\" class=\"forminator-col forminator-col-12 \"><div class=\"forminator-field\"><label for=\"forminator-field-consent-1_69dc1030c9360\" class=\"forminator-label\">Consentement <span class=\"forminator-required\">*<\/span><\/label><div class=\"forminator-checkbox__wrapper\"><label for=\"forminator-field-consent-1_69dc1030c9360\" id=\"forminator-field-consent-1_69dc1030c9360__label\" class=\"forminator-checkbox forminator-consent\" style=\"margin: 0;\"><input type=\"checkbox\" name=\"consent-1\" value=\"checked\" id=\"forminator-field-consent-1_69dc1030c9360\" aria-labelledby=\"forminator-field-consent-1_69dc1030c9360-label\" aria-describedby=\"forminator-field-consent-1_69dc1030c9360__description\" aria-describedby=\"forminator-field-consent-1_69dc1030c9360__description\" data-required=\"true\" aria-required=\"true\" \/><span class=\"forminator-checkbox-box\" aria-hidden=\"true\"><\/span><\/label><div id=\"forminator-field-consent-1_69dc1030c9360__description\" class=\"forminator-checkbox__label forminator-consent__label\"><p>Oui, je &nbsp;souhaite recevoir des emails de Axelle Tarroux dans le cadre de ma demande.&nbsp;<\/p><\/div><\/div><\/div><\/div><\/div><input type=\"hidden\" name=\"referer_url\" value=\"\" \/><div class=\"forminator-row forminator-row-last\"><div class=\"forminator-col\"><div class=\"forminator-field\"><button class=\"forminator-button forminator-button-submit\">Demande d&#039;offre sans engagement.<\/button><\/div><\/div><\/div><input type=\"hidden\" id=\"forminator_nonce\" name=\"forminator_nonce\" value=\"5945b05ea9\" \/><input type=\"hidden\" name=\"_wp_http_referer\" value=\"\/index.php\/wp-json\/wp\/v2\/pages\/285\" \/><input type=\"hidden\" name=\"form_id\" value=\"375\"><input type=\"hidden\" name=\"page_id\" value=\"285\"><input type=\"hidden\" name=\"form_type\" value=\"default\"><input type=\"hidden\" name=\"current_url\" value=\"https:\/\/axelletarroux.com\/index.php\/atelier-happy-make-up\/\"><input type=\"hidden\" name=\"render_id\" value=\"0\"><input type=\"hidden\" name=\"action\" value=\"forminator_submit_form_custom-forms\"><\/form><\/div>\n","protected":false},"excerpt":{"rendered":"<p>Cours d&rsquo;auto-maquillage Faites de votre make-up votre baguette magique bonne mine. (Et bio!) Objectifs Savoir r\u00e9aliser un maquillage au naturel, pour le quotidien ou pour un \u00e9v\u00e9nement. Mettre en lumi\u00e8re la beaut\u00e9 unique de votre visage, sans contouring ni faux cils. Conna\u00eetre les couleurs de maquillage pour votre peau. D\u00e9roulement * Questionnaire de vos habitudes, [&hellip;]<\/p>\n","protected":false},"author":1,"featured_media":0,"parent":0,"menu_order":0,"comment_status":"closed","ping_status":"closed","template":"","meta":[],"_links":{"self":[{"href":"https:\/\/axelletarroux.com\/index.php\/wp-json\/wp\/v2\/pages\/285"}],"collection":[{"href":"https:\/\/axelletarroux.com\/index.php\/wp-json\/wp\/v2\/pages"}],"about":[{"href":"https:\/\/axelletarroux.com\/index.php\/wp-json\/wp\/v2\/types\/page"}],"author":[{"embeddable":true,"href":"https:\/\/axelletarroux.com\/index.php\/wp-json\/wp\/v2\/users\/1"}],"replies":[{"embeddable":true,"href":"https:\/\/axelletarroux.com\/index.php\/wp-json\/wp\/v2\/comments?post=285"}],"version-history":[{"count":4,"href":"https:\/\/axelletarroux.com\/index.php\/wp-json\/wp\/v2\/pages\/285\/revisions"}],"predecessor-version":[{"id":382,"href":"https:\/\/axelletarroux.com\/index.php\/wp-json\/wp\/v2\/pages\/285\/revisions\/382"}],"wp:attachment":[{"href":"https:\/\/axelletarroux.com\/index.php\/wp-json\/wp\/v2\/media?parent=285"}],"curies":[{"name":"wp","href":"https:\/\/api.w.org\/{rel}","templated":true}]}}