{"id":280,"date":"2023-06-11T20:48:00","date_gmt":"2023-06-11T18:48:00","guid":{"rendered":"https:\/\/axelletarroux.com\/?page_id=280"},"modified":"2023-06-29T12:02:35","modified_gmt":"2023-06-29T10:02:35","slug":"atelier-happy-body","status":"publish","type":"page","link":"https:\/\/axelletarroux.com\/index.php\/atelier-happy-body\/","title":{"rendered":"ATELIER HAPPY BODY"},"content":{"rendered":"\n<div class=\"wp-block-columns is-layout-flex wp-container-2\">\n<div class=\"wp-block-column is-layout-flow\" style=\"flex-basis:100%\"><\/div>\n<\/div>\n\n\n<div class=\"wp-block-image is-style-rounded\">\n<figure class=\"aligncenter size-medium\"><img decoding=\"async\" loading=\"lazy\" width=\"200\" height=\"300\" src=\"http:\/\/axelletarroux.com\/wp-content\/uploads\/2022\/11\/axelle2018-139-200x300.jpg\" alt=\"\" class=\"wp-image-258\" srcset=\"https:\/\/axelletarroux.com\/wp-content\/uploads\/2022\/11\/axelle2018-139-200x300.jpg 200w, https:\/\/axelletarroux.com\/wp-content\/uploads\/2022\/11\/axelle2018-139-683x1024.jpg 683w, https:\/\/axelletarroux.com\/wp-content\/uploads\/2022\/11\/axelle2018-139-768x1152.jpg 768w, https:\/\/axelletarroux.com\/wp-content\/uploads\/2022\/11\/axelle2018-139-1024x1536.jpg 1024w, https:\/\/axelletarroux.com\/wp-content\/uploads\/2022\/11\/axelle2018-139-1365x2048.jpg 1365w, https:\/\/axelletarroux.com\/wp-content\/uploads\/2022\/11\/axelle2018-139-scaled.jpg 1707w\" sizes=\"(max-width: 200px) 100vw, 200px\" \/><\/figure><\/div>\n\n\n<h2 class=\"wp-block-heading has-text-align-center\">Style vestimentaire &amp; Morphologie<\/h2>\n\n\n\n<p class=\"has-text-align-center\"><em>Mettez en avant votre silhouette avec bienveillance &amp; assumez votre style, reflet de votre personnalit\u00e9!<\/em><\/p>\n\n\n\n<h3 class=\"wp-block-heading has-text-align-center\">Objectifs<\/h3>\n\n\n\n<p class=\"has-text-align-center\">Savoir faire vos tenues avec plaisir pour mettre en avant votre <strong>belle silhouette<\/strong>, tout en mettant KO vos complexes avec bienveillance. <\/p>\n\n\n\n<p class=\"has-text-align-center\">Oser porter les tenues dont le <strong>style<\/strong> est en phase avec votre personnalit\u00e9 profonde, sans d\u00e9guisement ni exc\u00e8s.<\/p>\n\n\n\n<h3 class=\"wp-block-heading has-text-align-center\">D\u00e9roulement<\/h3>\n\n\n\n<p class=\"has-text-align-center\">* Questionnaire-coaching de vos habitudes et objectifs<\/p>\n\n\n\n<p class=\"has-text-align-center\">* Analyse bienveillante de votre morphologie (silhouette g\u00e9n\u00e9rale et atouts\/ complexes)<\/p>\n\n\n\n<p class=\"has-text-align-center\">* D\u00e9couverte et co-cr\u00e9ation de votre style vestimentaire unique<\/p>\n\n\n\n<p class=\"has-text-align-center\">* Bilan de tous les conseils vestimentaires concrets et exercice avec 3 de vos tenues<\/p>\n\n\n\n<p class=\"has-text-align-center\">BONUS: Votre livret r\u00e9capitulatif HAPPY BODY envoy\u00e9 par e-mail (PDF imprimable).<\/p>\n\n\n\n<p class=\"has-text-align-center\"><em><strong>3 heures de coaching &#8211; CHF 570<\/strong><\/em><strong><em> pour une personne <\/em><\/strong>(atelier r\u00e9alisable pour deux participantes)<\/p>\n\n\n\n<p><\/p>\n\n\n\n<h2 class=\"wp-block-heading has-text-align-center has-vivid-cyan-blue-color has-text-color\">R\u00e9servation &amp; infos<\/h2>\n\n\n\n<div class=\"forminator-guttenberg\"><div class=\"forminator-ui forminator-custom-form forminator-custom-form-372 forminator-design--default  forminator_ajax\" data-forminator-render=\"0\" data-form=\"forminator-module-372\" data-uid=\"69f2b19087518\"><br\/><\/div><form\n\t\t\t\tid=\"forminator-module-372\"\n\t\t\t\tclass=\"forminator-ui forminator-custom-form forminator-custom-form-372 forminator-design--default  forminator_ajax\"\n\t\t\t\tmethod=\"post\"\n\t\t\t\tdata-forminator-render=\"0\"\n\t\t\t\tdata-form-id=\"372\"\n\t\t\t\t\n\t\t\t\tdata-design=\"default\"\n\t\t\t\t\n\t\t\t\t\n\t\t\t\t\n\t\t\t\tdata-grid=\"open\"\n\t\t\t\t\n\t\t\t\t\n\t\t\t\tstyle=\"display: none;\"\n\t\t\t\t\n\t\t\t\tdata-uid=\"69f2b19087518\"\n\t\t\t><div role=\"alert\" aria-live=\"polite\" class=\"forminator-response-message forminator-error\" aria-hidden=\"true\"><\/div><div class=\"forminator-row\"><div id=\"name-1\" class=\"forminator-col forminator-col-12 \"><div class=\"forminator-field\"><label for=\"forminator-field-name-1_69f2b19087518\" class=\"forminator-label\" id=\"forminator-field-name-1_69f2b19087518-label\">Pr\u00e9nom et NOM <span class=\"forminator-required\">*<\/span><\/label><input type=\"text\" name=\"name-1\" value=\"\" placeholder=\"ex: Danielle PONS\" id=\"forminator-field-name-1_69f2b19087518\" class=\"forminator-input forminator-name--field\" aria-required=\"true\" \/><\/div><\/div><\/div><div class=\"forminator-row\"><div id=\"email-1\" class=\"forminator-col forminator-col-12 \"><div class=\"forminator-field\"><label for=\"forminator-field-email-1_69f2b19087518\" class=\"forminator-label\" id=\"forminator-field-email-1_69f2b19087518-label\">E-mail <span class=\"forminator-required\">*<\/span><\/label><input type=\"email\" name=\"email-1\" value=\"\" placeholder=\"votrenom@email.com\" id=\"forminator-field-email-1_69f2b19087518\" class=\"forminator-input forminator-email--field\" data-required=\"true\" aria-required=\"true\" \/><\/div><\/div><\/div><div class=\"forminator-row\"><div id=\"phone-1\" class=\"forminator-col forminator-col-12 \"><div class=\"forminator-field\"><label for=\"forminator-field-phone-1_69f2b19087518\" class=\"forminator-label\" id=\"forminator-field-phone-1_69f2b19087518-label\">T\u00e9l\u00e9phone portable<\/label><input type=\"text\" name=\"phone-1\" value=\"\" placeholder=\"ex: +41 79 000 00 00\" id=\"forminator-field-phone-1_69f2b19087518\" class=\"forminator-input forminator-field--phone\" data-required=\"\" aria-required=\"false\" autocomplete=\"off\" data-validation=\"1\" \/><\/div><\/div><\/div><div class=\"forminator-row\"><div id=\"textarea-1\" class=\"forminator-col forminator-col-12 \"><div class=\"forminator-field\"><label for=\"forminator-field-textarea-1_69f2b19087518\" id=\"forminator-field-textarea-1_69f2b19087518-label\" class=\"forminator-label\">Notes compl\u00e9mentaires<\/label><textarea name=\"textarea-1\" placeholder=\"Je souhaite \u00eatre appel\u00e9e ou contact\u00e9e par email car cet atelier m&#039;int\u00e9resse.\" id=\"forminator-field-textarea-1_69f2b19087518\" class=\"forminator-textarea\" rows=\"6\" style=\"min-height:140px;\" maxlength=\"180\" ><\/textarea><span id=\"forminator-field-textarea-1_69f2b19087518-description\" class=\"forminator-description\"><span data-limit=\"180\" data-type=\"characters\">0 \/ 180<\/span><\/span><\/div><\/div><\/div><div class=\"forminator-row\"><div id=\"consent-1\" class=\"forminator-col forminator-col-12 \"><div class=\"forminator-field\"><label for=\"forminator-field-consent-1_69f2b19087518\" class=\"forminator-label\">Consentement <span class=\"forminator-required\">*<\/span><\/label><div class=\"forminator-checkbox__wrapper\"><label for=\"forminator-field-consent-1_69f2b19087518\" id=\"forminator-field-consent-1_69f2b19087518__label\" class=\"forminator-checkbox forminator-consent\" style=\"margin: 0;\"><input type=\"checkbox\" name=\"consent-1\" value=\"checked\" id=\"forminator-field-consent-1_69f2b19087518\" aria-labelledby=\"forminator-field-consent-1_69f2b19087518-label\" aria-describedby=\"forminator-field-consent-1_69f2b19087518__description\" aria-describedby=\"forminator-field-consent-1_69f2b19087518__description\" data-required=\"true\" aria-required=\"true\" \/><span class=\"forminator-checkbox-box\" aria-hidden=\"true\"><\/span><\/label><div id=\"forminator-field-consent-1_69f2b19087518__description\" class=\"forminator-checkbox__label forminator-consent__label\"><p>Oui, je &nbsp;souhaite recevoir des emails de Axelle Tarroux dans le cadre de ma demande.&nbsp;<\/p><\/div><\/div><\/div><\/div><\/div><input type=\"hidden\" name=\"referer_url\" value=\"\" \/><div class=\"forminator-row forminator-row-last\"><div class=\"forminator-col\"><div class=\"forminator-field\"><button class=\"forminator-button forminator-button-submit\">Demande d&#039;offre sans engagement.<\/button><\/div><\/div><\/div><input type=\"hidden\" id=\"forminator_nonce\" name=\"forminator_nonce\" value=\"ea11495651\" \/><input type=\"hidden\" name=\"_wp_http_referer\" value=\"\/index.php\/wp-json\/wp\/v2\/pages\/280\" \/><input type=\"hidden\" name=\"form_id\" value=\"372\"><input type=\"hidden\" name=\"page_id\" value=\"280\"><input type=\"hidden\" name=\"form_type\" value=\"default\"><input type=\"hidden\" name=\"current_url\" value=\"https:\/\/axelletarroux.com\/index.php\/atelier-happy-body\/\"><input type=\"hidden\" name=\"render_id\" value=\"0\"><input type=\"hidden\" name=\"action\" value=\"forminator_submit_form_custom-forms\"><\/form><\/div>\n","protected":false},"excerpt":{"rendered":"<p>Style vestimentaire &amp; Morphologie Mettez en avant votre silhouette avec bienveillance &amp; assumez votre style, reflet de votre personnalit\u00e9! Objectifs Savoir faire vos tenues avec plaisir pour mettre en avant votre belle silhouette, tout en mettant KO vos complexes avec bienveillance. Oser porter les tenues dont le style est en phase avec votre personnalit\u00e9 profonde, [&hellip;]<\/p>\n","protected":false},"author":1,"featured_media":0,"parent":0,"menu_order":0,"comment_status":"closed","ping_status":"closed","template":"","meta":[],"_links":{"self":[{"href":"https:\/\/axelletarroux.com\/index.php\/wp-json\/wp\/v2\/pages\/280"}],"collection":[{"href":"https:\/\/axelletarroux.com\/index.php\/wp-json\/wp\/v2\/pages"}],"about":[{"href":"https:\/\/axelletarroux.com\/index.php\/wp-json\/wp\/v2\/types\/page"}],"author":[{"embeddable":true,"href":"https:\/\/axelletarroux.com\/index.php\/wp-json\/wp\/v2\/users\/1"}],"replies":[{"embeddable":true,"href":"https:\/\/axelletarroux.com\/index.php\/wp-json\/wp\/v2\/comments?post=280"}],"version-history":[{"count":7,"href":"https:\/\/axelletarroux.com\/index.php\/wp-json\/wp\/v2\/pages\/280\/revisions"}],"predecessor-version":[{"id":378,"href":"https:\/\/axelletarroux.com\/index.php\/wp-json\/wp\/v2\/pages\/280\/revisions\/378"}],"wp:attachment":[{"href":"https:\/\/axelletarroux.com\/index.php\/wp-json\/wp\/v2\/media?parent=280"}],"curies":[{"name":"wp","href":"https:\/\/api.w.org\/{rel}","templated":true}]}}