{"id":277,"date":"2023-06-11T20:45:21","date_gmt":"2023-06-11T18:45:21","guid":{"rendered":"https:\/\/axelletarroux.com\/?page_id=277"},"modified":"2023-06-29T12:03:45","modified_gmt":"2023-06-29T10:03:45","slug":"atelier-happy-face","status":"publish","type":"page","link":"https:\/\/axelletarroux.com\/index.php\/atelier-happy-face\/","title":{"rendered":"ATELIER HAPPY FACE"},"content":{"rendered":"\n<div class=\"wp-block-columns is-layout-flex wp-container-2\">\n<div class=\"wp-block-column is-layout-flow\" style=\"flex-basis:100%\"><div class=\"wp-block-image is-style-rounded\">\n<figure class=\"aligncenter size-medium\"><img decoding=\"async\" loading=\"lazy\" width=\"300\" height=\"200\" src=\"http:\/\/axelletarroux.com\/wp-content\/uploads\/2022\/11\/axelle2018-78-300x200.jpg\" alt=\"\" class=\"wp-image-259\" srcset=\"https:\/\/axelletarroux.com\/wp-content\/uploads\/2022\/11\/axelle2018-78-300x200.jpg 300w, https:\/\/axelletarroux.com\/wp-content\/uploads\/2022\/11\/axelle2018-78-1024x683.jpg 1024w, https:\/\/axelletarroux.com\/wp-content\/uploads\/2022\/11\/axelle2018-78-768x512.jpg 768w, https:\/\/axelletarroux.com\/wp-content\/uploads\/2022\/11\/axelle2018-78-1536x1024.jpg 1536w, https:\/\/axelletarroux.com\/wp-content\/uploads\/2022\/11\/axelle2018-78-2048x1365.jpg 2048w, https:\/\/axelletarroux.com\/wp-content\/uploads\/2022\/11\/axelle2018-78-450x300.jpg 450w\" sizes=\"(max-width: 300px) 100vw, 300px\" \/><\/figure><\/div><\/div>\n<\/div>\n\n\n\n<h2 class=\"wp-block-heading has-text-align-center\">Colorim\u00e9trie &amp; Cours d&rsquo;auto-maquillage<\/h2>\n\n\n\n<p class=\"has-text-align-center\"><em>Mettez votre visage en lumi\u00e8re!<\/em><\/p>\n\n\n\n<h3 class=\"wp-block-heading has-text-align-center\">Objectifs<\/h3>\n\n\n\n<p class=\"has-text-align-center\">Conna\u00eetre les <strong>couleurs<\/strong> qui vous vont pour cr\u00e9er des tenues color\u00e9es facilement et faciliter votre shopping.<\/p>\n\n\n\n<p class=\"has-text-align-center\">Ma\u00eetriser les gestes et les types de produits adapt\u00e9s \u00e0 votre <strong>peau<\/strong> pour la garder belle et lumineuse chaque jour.<\/p>\n\n\n\n<p class=\"has-text-align-center\">Savoir r\u00e9aliser un <strong>maquillage<\/strong> naturel ou sophistiqu\u00e9 facilement et rapidement au quotidien ou pour un moment sp\u00e9cial.<\/p>\n\n\n\n<h3 class=\"wp-block-heading has-text-align-center\">D\u00e9roulement<\/h3>\n\n\n\n<p class=\"has-text-align-center\">* Questionnaire-coaching de vos habitudes et objectifs<\/p>\n\n\n\n<p class=\"has-text-align-center\">* Test de colorim\u00e9trie avec des foulards sp\u00e9cifiques (m\u00e9thode unique de l&rsquo;Ecole Sup\u00e9rieure de Relooking de Paris &#8211; \u00e9cole internationale)<\/p>\n\n\n\n<p class=\"has-text-align-center\">* Diagnostic de peau &amp; \u00e9laboration d&rsquo;une routine de soins (quotidien et hebdomadaire)<\/p>\n\n\n\n<p class=\"has-text-align-center\">* Cours d&rsquo;auto-maquillage (maquillage \/ pinceaux de marques bio et professionnelles mis \u00e0 disposition)<\/p>\n\n\n\n<p class=\"has-text-align-center\">BONUS: Votre livret r\u00e9capitulatif HAPPY FACE complet, envoy\u00e9 par e-mail (PDF imprimable) &amp; deux palettes personnelles de couleurs (format classique et mini).<\/p>\n\n\n\n<p class=\"has-text-align-center\"><strong><em>3 heures de coaching &#8211; CHF 570&nbsp;pour une personne<\/em><\/strong> (atelier r\u00e9alisable pour deux participantes)<\/p>\n\n\n\n<p><\/p>\n\n\n\n<h2 class=\"wp-block-heading has-text-align-center has-vivid-cyan-blue-color has-text-color\">R\u00e9servation &amp; infos<\/h2>\n\n\n\n<div class=\"forminator-guttenberg\"><div class=\"forminator-ui forminator-custom-form forminator-custom-form-373 forminator-design--default  forminator_ajax\" data-forminator-render=\"0\" data-form=\"forminator-module-373\" data-uid=\"69dc1061e3df7\"><br\/><\/div><form\n\t\t\t\tid=\"forminator-module-373\"\n\t\t\t\tclass=\"forminator-ui forminator-custom-form forminator-custom-form-373 forminator-design--default  forminator_ajax\"\n\t\t\t\tmethod=\"post\"\n\t\t\t\tdata-forminator-render=\"0\"\n\t\t\t\tdata-form-id=\"373\"\n\t\t\t\t\n\t\t\t\tdata-design=\"default\"\n\t\t\t\t\n\t\t\t\t\n\t\t\t\t\n\t\t\t\tdata-grid=\"open\"\n\t\t\t\t\n\t\t\t\t\n\t\t\t\tstyle=\"display: none;\"\n\t\t\t\t\n\t\t\t\tdata-uid=\"69dc1061e3df7\"\n\t\t\t><div role=\"alert\" aria-live=\"polite\" class=\"forminator-response-message forminator-error\" aria-hidden=\"true\"><\/div><div class=\"forminator-row\"><div id=\"name-1\" class=\"forminator-col forminator-col-12 \"><div class=\"forminator-field\"><label for=\"forminator-field-name-1_69dc1061e3df7\" class=\"forminator-label\" id=\"forminator-field-name-1_69dc1061e3df7-label\">Pr\u00e9nom et NOM <span class=\"forminator-required\">*<\/span><\/label><input type=\"text\" name=\"name-1\" value=\"\" placeholder=\"ex: Danielle PONS\" id=\"forminator-field-name-1_69dc1061e3df7\" class=\"forminator-input forminator-name--field\" aria-required=\"true\" \/><\/div><\/div><\/div><div class=\"forminator-row\"><div id=\"email-1\" class=\"forminator-col forminator-col-12 \"><div class=\"forminator-field\"><label for=\"forminator-field-email-1_69dc1061e3df7\" class=\"forminator-label\" id=\"forminator-field-email-1_69dc1061e3df7-label\">E-mail <span class=\"forminator-required\">*<\/span><\/label><input type=\"email\" name=\"email-1\" value=\"\" placeholder=\"votrenom@email.com\" id=\"forminator-field-email-1_69dc1061e3df7\" class=\"forminator-input forminator-email--field\" data-required=\"true\" aria-required=\"true\" \/><\/div><\/div><\/div><div class=\"forminator-row\"><div id=\"phone-1\" class=\"forminator-col forminator-col-12 \"><div class=\"forminator-field\"><label for=\"forminator-field-phone-1_69dc1061e3df7\" class=\"forminator-label\" id=\"forminator-field-phone-1_69dc1061e3df7-label\">T\u00e9l\u00e9phone portable<\/label><input type=\"text\" name=\"phone-1\" value=\"\" placeholder=\"ex: +41 79 000 00 00\" id=\"forminator-field-phone-1_69dc1061e3df7\" class=\"forminator-input forminator-field--phone\" data-required=\"\" aria-required=\"false\" autocomplete=\"off\" data-validation=\"1\" \/><\/div><\/div><\/div><div class=\"forminator-row\"><div id=\"textarea-1\" class=\"forminator-col forminator-col-12 \"><div class=\"forminator-field\"><label for=\"forminator-field-textarea-1_69dc1061e3df7\" id=\"forminator-field-textarea-1_69dc1061e3df7-label\" class=\"forminator-label\">Notes compl\u00e9mentaires<\/label><textarea name=\"textarea-1\" placeholder=\"Je souhaite \u00eatre appel\u00e9e ou contact\u00e9e par email car cet atelier m&#039;int\u00e9resse.\" id=\"forminator-field-textarea-1_69dc1061e3df7\" class=\"forminator-textarea\" rows=\"6\" style=\"min-height:140px;\" maxlength=\"180\" ><\/textarea><span id=\"forminator-field-textarea-1_69dc1061e3df7-description\" class=\"forminator-description\"><span data-limit=\"180\" data-type=\"characters\">0 \/ 180<\/span><\/span><\/div><\/div><\/div><div class=\"forminator-row\"><div id=\"consent-1\" class=\"forminator-col forminator-col-12 \"><div class=\"forminator-field\"><label for=\"forminator-field-consent-1_69dc1061e3df7\" class=\"forminator-label\">Consentement <span class=\"forminator-required\">*<\/span><\/label><div class=\"forminator-checkbox__wrapper\"><label for=\"forminator-field-consent-1_69dc1061e3df7\" id=\"forminator-field-consent-1_69dc1061e3df7__label\" class=\"forminator-checkbox forminator-consent\" style=\"margin: 0;\"><input type=\"checkbox\" name=\"consent-1\" value=\"checked\" id=\"forminator-field-consent-1_69dc1061e3df7\" aria-labelledby=\"forminator-field-consent-1_69dc1061e3df7-label\" aria-describedby=\"forminator-field-consent-1_69dc1061e3df7__description\" aria-describedby=\"forminator-field-consent-1_69dc1061e3df7__description\" data-required=\"true\" aria-required=\"true\" \/><span class=\"forminator-checkbox-box\" aria-hidden=\"true\"><\/span><\/label><div id=\"forminator-field-consent-1_69dc1061e3df7__description\" class=\"forminator-checkbox__label forminator-consent__label\"><p>Oui, je &nbsp;souhaite recevoir des emails de Axelle Tarroux dans le cadre de ma demande.&nbsp;<\/p><\/div><\/div><\/div><\/div><\/div><input type=\"hidden\" name=\"referer_url\" value=\"\" \/><div class=\"forminator-row forminator-row-last\"><div class=\"forminator-col\"><div class=\"forminator-field\"><button class=\"forminator-button forminator-button-submit\">Demande d&#039;offre sans engagement.<\/button><\/div><\/div><\/div><input type=\"hidden\" id=\"forminator_nonce\" name=\"forminator_nonce\" value=\"5945b05ea9\" \/><input type=\"hidden\" name=\"_wp_http_referer\" value=\"\/index.php\/wp-json\/wp\/v2\/pages\/277\" \/><input type=\"hidden\" name=\"form_id\" value=\"373\"><input type=\"hidden\" name=\"page_id\" value=\"277\"><input type=\"hidden\" name=\"form_type\" value=\"default\"><input type=\"hidden\" name=\"current_url\" value=\"https:\/\/axelletarroux.com\/index.php\/atelier-happy-face\/\"><input type=\"hidden\" name=\"render_id\" value=\"0\"><input type=\"hidden\" name=\"action\" value=\"forminator_submit_form_custom-forms\"><\/form><\/div>\n","protected":false},"excerpt":{"rendered":"<p>Colorim\u00e9trie &amp; Cours d&rsquo;auto-maquillage Mettez votre visage en lumi\u00e8re! Objectifs Conna\u00eetre les couleurs qui vous vont pour cr\u00e9er des tenues color\u00e9es facilement et faciliter votre shopping. Ma\u00eetriser les gestes et les types de produits adapt\u00e9s \u00e0 votre peau pour la garder belle et lumineuse chaque jour. Savoir r\u00e9aliser un maquillage naturel ou sophistiqu\u00e9 facilement et [&hellip;]<\/p>\n","protected":false},"author":1,"featured_media":0,"parent":0,"menu_order":0,"comment_status":"closed","ping_status":"closed","template":"","meta":[],"_links":{"self":[{"href":"https:\/\/axelletarroux.com\/index.php\/wp-json\/wp\/v2\/pages\/277"}],"collection":[{"href":"https:\/\/axelletarroux.com\/index.php\/wp-json\/wp\/v2\/pages"}],"about":[{"href":"https:\/\/axelletarroux.com\/index.php\/wp-json\/wp\/v2\/types\/page"}],"author":[{"embeddable":true,"href":"https:\/\/axelletarroux.com\/index.php\/wp-json\/wp\/v2\/users\/1"}],"replies":[{"embeddable":true,"href":"https:\/\/axelletarroux.com\/index.php\/wp-json\/wp\/v2\/comments?post=277"}],"version-history":[{"count":6,"href":"https:\/\/axelletarroux.com\/index.php\/wp-json\/wp\/v2\/pages\/277\/revisions"}],"predecessor-version":[{"id":381,"href":"https:\/\/axelletarroux.com\/index.php\/wp-json\/wp\/v2\/pages\/277\/revisions\/381"}],"wp:attachment":[{"href":"https:\/\/axelletarroux.com\/index.php\/wp-json\/wp\/v2\/media?parent=277"}],"curies":[{"name":"wp","href":"https:\/\/api.w.org\/{rel}","templated":true}]}}