{"id":17,"date":"2017-12-11T19:39:58","date_gmt":"2017-12-11T18:39:58","guid":{"rendered":"http:\/\/axelletarroux.com\/?page_id=17"},"modified":"2021-10-08T15:09:34","modified_gmt":"2021-10-08T13:09:34","slug":"a-propos-de","status":"publish","type":"page","link":"https:\/\/axelletarroux.com\/index.php\/a-propos-de\/","title":{"rendered":"Ateliers Image professionnelle"},"content":{"rendered":"<p style=\"text-align: center;\"><img decoding=\"async\" loading=\"lazy\" class=\"alignnone wp-image-66 size-large\" src=\"http:\/\/axelletarroux.com\/wp-content\/uploads\/2018\/11\/axelle2018-195-1024x683.jpg\" alt=\"\" width=\"900\" height=\"600\" srcset=\"https:\/\/axelletarroux.com\/wp-content\/uploads\/2018\/11\/axelle2018-195-1024x683.jpg 1024w, https:\/\/axelletarroux.com\/wp-content\/uploads\/2018\/11\/axelle2018-195-300x200.jpg 300w, https:\/\/axelletarroux.com\/wp-content\/uploads\/2018\/11\/axelle2018-195-768x512.jpg 768w, https:\/\/axelletarroux.com\/wp-content\/uploads\/2018\/11\/axelle2018-195-450x300.jpg 450w\" sizes=\"(max-width: 900px) 100vw, 900px\" \/><\/p>\n<h2 style=\"text-align: center;\">Atelier<i> Image et entretien d&#8217;embauche<\/i><\/h2>\n<p style=\"text-align: center;\"><i>Pour des chercheurs d&#8217;emploi confiants, \u00e0 l&rsquo;aise et parfaitement en phase <\/i><\/p>\n<p style=\"text-align: center;\"><i>avec la culture de l&rsquo;entreprise qu&rsquo;ils souhaitent rejoindre!<\/i><\/p>\n<p style=\"text-align: center;\">Cet atelier a \u00e9t\u00e9 co-design\u00e9 avec plusieurs entreprises romandes sp\u00e9cialis\u00e9e dans<\/p>\n<p style=\"text-align: center;\">l&rsquo;accompagnement au retour \u00e0 l&#8217;emploi et la r\u00e9insertion professionnelle.<\/p>\n<p style=\"text-align: center;\">Atelier ludique alliant th\u00e9orie r\u00e9solument moderne et exercices ludiques et concrets pour des participants satisfaits et form\u00e9s au codes vestimentaires sp\u00e9cifiques de la recherche d&#8217;emploi.<\/p>\n<p style=\"text-align: center;\">INCLUS: Des livrets personnalisables tout au long de l&rsquo;atelier par les participants pour leur cas unique.<\/p>\n<p style=\"text-align: center;\"><em><strong>Devis sur-mesure. \u00a0&#8211; Destin\u00e9s aux sp\u00e9cialistes de l&rsquo;accompagnement \u00e0 la recherche d&#8217;emploi. &#8211;<\/strong><\/em><\/p>\n<p>\u00a0<\/p>\n<h2 style=\"text-align: center;\">Atelier 100% personnalis\u00e9<\/h2>\n<p style=\"text-align: center;\"><i>Pour des collaborateurs \u00e9panouis et plus en lien avec la culture de votre entreprise.<\/i><\/p>\n<p style=\"text-align: center;\">Exemples: Coaching vestimentaire de commerciaux ; Teambuilding colorim\u00e9trie pour un service marketing ;<\/p>\n<p style=\"text-align: center;\">Techniques en relooking pour des professionnels en esth\u00e9tique\/coiffure ; Atelier pour pr\u00e9senter un nouvel uniforme<\/p>\n<p style=\"text-align: center;\"><em><strong>Devis sur mesure.<\/strong><\/em><\/p>\n<p>\u00a0<\/p>\n<p style=\"text-align: center;\">\u00a0<\/p>\n\n\n<p><\/p>\n","protected":false},"excerpt":{"rendered":"<p>Atelier Image et entretien d&#8217;embauche Pour des chercheurs d&#8217;emploi confiants, \u00e0 l&rsquo;aise et parfaitement en phase avec la culture de l&rsquo;entreprise qu&rsquo;ils souhaitent rejoindre! Cet atelier a \u00e9t\u00e9 co-design\u00e9 avec plusieurs entreprises romandes sp\u00e9cialis\u00e9e dans l&rsquo;accompagnement au retour \u00e0 l&#8217;emploi et la r\u00e9insertion professionnelle. Atelier ludique alliant th\u00e9orie r\u00e9solument moderne et exercices ludiques et concrets [&hellip;]<\/p>\n","protected":false},"author":1,"featured_media":0,"parent":0,"menu_order":3,"comment_status":"closed","ping_status":"closed","template":"","meta":[],"_links":{"self":[{"href":"https:\/\/axelletarroux.com\/index.php\/wp-json\/wp\/v2\/pages\/17"}],"collection":[{"href":"https:\/\/axelletarroux.com\/index.php\/wp-json\/wp\/v2\/pages"}],"about":[{"href":"https:\/\/axelletarroux.com\/index.php\/wp-json\/wp\/v2\/types\/page"}],"author":[{"embeddable":true,"href":"https:\/\/axelletarroux.com\/index.php\/wp-json\/wp\/v2\/users\/1"}],"replies":[{"embeddable":true,"href":"https:\/\/axelletarroux.com\/index.php\/wp-json\/wp\/v2\/comments?post=17"}],"version-history":[{"count":15,"href":"https:\/\/axelletarroux.com\/index.php\/wp-json\/wp\/v2\/pages\/17\/revisions"}],"predecessor-version":[{"id":163,"href":"https:\/\/axelletarroux.com\/index.php\/wp-json\/wp\/v2\/pages\/17\/revisions\/163"}],"wp:attachment":[{"href":"https:\/\/axelletarroux.com\/index.php\/wp-json\/wp\/v2\/media?parent=17"}],"curies":[{"name":"wp","href":"https:\/\/api.w.org\/{rel}","templated":true}]}}