{"id":16,"date":"2017-12-11T19:39:58","date_gmt":"2017-12-11T18:39:58","guid":{"rendered":"http:\/\/axelletarroux.com\/?page_id=16"},"modified":"2023-06-11T21:54:09","modified_gmt":"2023-06-11T19:54:09","slug":"accueil","status":"publish","type":"page","link":"https:\/\/axelletarroux.com\/index.php\/accueil\/","title":{"rendered":"A propos"},"content":{"rendered":"<p>\u00a0<\/p>\n<h2 style=\"text-align: center;\"><em>Soyez vous-m\u00eame, tous les autres sont d\u00e9j\u00e0 pris.<\/em><\/h2>\n<h3 style=\"text-align: center;\"><em>Oscar Wilde<\/em><\/h3>\n<h2 style=\"text-align: center;\"><em><img decoding=\"async\" loading=\"lazy\" class=\"wp-image-130 aligncenter\" src=\"http:\/\/axelletarroux.com\/wp-content\/uploads\/2021\/05\/axelle2018-184-scaled.jpg\" alt=\"\" width=\"477\" height=\"716\" srcset=\"https:\/\/axelletarroux.com\/wp-content\/uploads\/2021\/05\/axelle2018-184-scaled.jpg 1707w, https:\/\/axelletarroux.com\/wp-content\/uploads\/2021\/05\/axelle2018-184-200x300.jpg 200w, https:\/\/axelletarroux.com\/wp-content\/uploads\/2021\/05\/axelle2018-184-683x1024.jpg 683w, https:\/\/axelletarroux.com\/wp-content\/uploads\/2021\/05\/axelle2018-184-768x1152.jpg 768w, https:\/\/axelletarroux.com\/wp-content\/uploads\/2021\/05\/axelle2018-184-1024x1536.jpg 1024w, https:\/\/axelletarroux.com\/wp-content\/uploads\/2021\/05\/axelle2018-184-1365x2048.jpg 1365w\" sizes=\"(max-width: 477px) 100vw, 477px\" \/><\/em><\/h2>\n<p style=\"text-align: center;\">\u00c7a vaut le coup d&rsquo;\u00eatre vous-m\u00eame, pleinement:\u00a0Belle avec un grand B.<\/p>\n<p style=\"text-align: center;\">Bonjour! Je suis Axelle Tarroux et moi aussi j&rsquo;ai d\u00fb prendre cette d\u00e9cision de me choisir.<\/p>\n<p style=\"text-align: center;\">Depuis 2018 je suis conseill\u00e8re en image et je transmets ce que j&rsquo;ai appris.<\/p>\n<p style=\"text-align: center;\">Je souhaite vous embarquer avec moi sur ce chemin fun et l\u00e9ger de la connaissance de soi.<\/p>\n<h3 style=\"text-align: center;\">Apprenez \u00e0 faire de votre v\u00eatement et<\/h3>\n<h3 style=\"text-align: center;\">votre couleur pr\u00e9f\u00e9r\u00e9s des outils de bien-\u00eatre.<\/h3>\n\n\n<p><\/p>\n","protected":false},"excerpt":{"rendered":"<p>\u00a0 Soyez vous-m\u00eame, tous les autres sont d\u00e9j\u00e0 pris. Oscar Wilde \u00c7a vaut le coup d&rsquo;\u00eatre vous-m\u00eame, pleinement:\u00a0Belle avec un grand B. Bonjour! Je suis Axelle Tarroux et moi aussi j&rsquo;ai d\u00fb prendre cette d\u00e9cision de me choisir. Depuis 2018 je suis conseill\u00e8re en image et je transmets ce que j&rsquo;ai appris. Je souhaite vous [&hellip;]<\/p>\n","protected":false},"author":1,"featured_media":0,"parent":0,"menu_order":1,"comment_status":"closed","ping_status":"closed","template":"","meta":[],"_links":{"self":[{"href":"https:\/\/axelletarroux.com\/index.php\/wp-json\/wp\/v2\/pages\/16"}],"collection":[{"href":"https:\/\/axelletarroux.com\/index.php\/wp-json\/wp\/v2\/pages"}],"about":[{"href":"https:\/\/axelletarroux.com\/index.php\/wp-json\/wp\/v2\/types\/page"}],"author":[{"embeddable":true,"href":"https:\/\/axelletarroux.com\/index.php\/wp-json\/wp\/v2\/users\/1"}],"replies":[{"embeddable":true,"href":"https:\/\/axelletarroux.com\/index.php\/wp-json\/wp\/v2\/comments?post=16"}],"version-history":[{"count":20,"href":"https:\/\/axelletarroux.com\/index.php\/wp-json\/wp\/v2\/pages\/16\/revisions"}],"predecessor-version":[{"id":326,"href":"https:\/\/axelletarroux.com\/index.php\/wp-json\/wp\/v2\/pages\/16\/revisions\/326"}],"wp:attachment":[{"href":"https:\/\/axelletarroux.com\/index.php\/wp-json\/wp\/v2\/media?parent=16"}],"curies":[{"name":"wp","href":"https:\/\/api.w.org\/{rel}","templated":true}]}}